{"id":218,"date":"2016-12-26T06:27:42","date_gmt":"2016-12-26T06:27:42","guid":{"rendered":"https:\/\/raratheme.com\/preview\/lawyer-landing-page\/?page_id=5"},"modified":"2022-01-08T12:35:11","modified_gmt":"2022-01-08T15:35:11","slug":"home","status":"publish","type":"page","link":"https:\/\/advogadosgregorio.com.br\/","title":{"rendered":"Solu\u00e7\u00f5es sob medida | Amplo leque de servi\u00e7os"},"content":{"rendered":"<ul>\n<li>Andamento processual.<\/li>\n<li>Consulta processual.<\/li>\n<li>Imigra\u00e7\u00e3o e Vistos<\/li>\n<li>Lei Geral de Prote\u00e7\u00e3o de Dados &#8211; LGPD<\/li>\n<li>Marcas\/Patentes | Propriedade Intelectual | Direitos autorais | Registro de marcas<\/li>\n<li>Previdenci\u00e1rio | Aposentadoria | Aux\u00edlio doen\u00e7a | <span class=\"ILfuVd\"><span class=\"hgKElc\">Benef\u00edcio de Presta\u00e7\u00e3o Continuada<\/span><\/span> &#8211; BPC<\/li>\n<\/ul>\n\n\n<p><\/p>\n","protected":false},"excerpt":{"rendered":"<p>Andamento processual. Consulta processual. Imigra\u00e7\u00e3o e Vistos Lei Geral de Prote\u00e7\u00e3o de Dados &#8211; LGPD Marcas\/Patentes | Propriedade Intelectual | Direitos autorais | Registro de marcas Previdenci\u00e1rio | Aposentadoria | Aux\u00edlio doen\u00e7a | Benef\u00edcio de Presta\u00e7\u00e3o Continuada &#8211; BPC<\/p>\n","protected":false},"author":1,"featured_media":13,"parent":0,"menu_order":0,"comment_status":"closed","ping_status":"closed","template":"template-home.php","meta":{"footnotes":""},"class_list":["post-218","page","type-page","status-publish","has-post-thumbnail","hentry"],"_links":{"self":[{"href":"https:\/\/advogadosgregorio.com.br\/index.php?rest_route=\/wp\/v2\/pages\/218"}],"collection":[{"href":"https:\/\/advogadosgregorio.com.br\/index.php?rest_route=\/wp\/v2\/pages"}],"about":[{"href":"https:\/\/advogadosgregorio.com.br\/index.php?rest_route=\/wp\/v2\/types\/page"}],"author":[{"embeddable":true,"href":"https:\/\/advogadosgregorio.com.br\/index.php?rest_route=\/wp\/v2\/users\/1"}],"replies":[{"embeddable":true,"href":"https:\/\/advogadosgregorio.com.br\/index.php?rest_route=%2Fwp%2Fv2%2Fcomments&post=218"}],"version-history":[{"count":5,"href":"https:\/\/advogadosgregorio.com.br\/index.php?rest_route=\/wp\/v2\/pages\/218\/revisions"}],"predecessor-version":[{"id":274,"href":"https:\/\/advogadosgregorio.com.br\/index.php?rest_route=\/wp\/v2\/pages\/218\/revisions\/274"}],"wp:featuredmedia":[{"embeddable":true,"href":"https:\/\/advogadosgregorio.com.br\/index.php?rest_route=\/wp\/v2\/menu-items\/13"}],"wp:attachment":[{"href":"https:\/\/advogadosgregorio.com.br\/index.php?rest_route=%2Fwp%2Fv2%2Fmedia&parent=218"}],"curies":[{"name":"wp","href":"https:\/\/api.w.org\/{rel}","templated":true}]}}